{"id":671,"date":"2026-01-13T08:41:54","date_gmt":"2026-01-13T08:41:54","guid":{"rendered":"https:\/\/lorismajcan.com\/?page_id=671"},"modified":"2026-03-24T18:23:42","modified_gmt":"2026-03-24T18:23:42","slug":"34-riding-school","status":"publish","type":"page","link":"https:\/\/lorismajcan.com\/34-riding-school\/","title":{"rendered":"34 School"},"content":{"rendered":"\t\t<div data-elementor-type=\"wp-page\" data-elementor-id=\"671\" class=\"elementor elementor-671\" data-elementor-post-type=\"page\">\n\t\t\t\t\t\t<section class=\"elementor-section elementor-top-section elementor-element elementor-element-fea29f2 elementor-section-boxed elementor-section-height-default elementor-section-height-default\" data-id=\"fea29f2\" data-element_type=\"section\" data-e-type=\"section\">\n\t\t\t\t\t\t<div class=\"elementor-container elementor-column-gap-default\">\n\t\t\t\t\t<div class=\"elementor-column elementor-col-50 elementor-top-column elementor-element elementor-element-6f0143e\" data-id=\"6f0143e\" data-element_type=\"column\" data-e-type=\"column\">\n\t\t\t<div class=\"elementor-widget-wrap elementor-element-populated\">\n\t\t\t\t\t\t<div class=\"elementor-element elementor-element-bd34193 elementor-widget elementor-widget-text-editor\" data-id=\"bd34193\" data-element_type=\"widget\" data-e-type=\"widget\" data-widget_type=\"text-editor.default\">\n\t\t\t\t<div class=\"elementor-widget-container\">\n\t\t\t\t\t\t\t\t\t<p data-start=\"54\" data-end=\"254\">Te\u010daj sigurne i sportske vo\u017enje koji se odr\u017eava na na stazi <b>&#8220;RAU\u0160&#8221;\u00a0<\/b><strong>Novi Marof<\/strong>, namijenjen je voza\u010dima koji \u017eele unaprijediti svoje vje\u0161tine, samopouzdanje i kontrolu nad motociklom.<\/p><p data-start=\"256\" data-end=\"373\">Treninge vodi Loris Majcan, iskusni voza\u010d TT utrka i trostruki prvak Hrvatske u motociklizmu, koji prenosi stvarno trka\u0107e znanje uz sna\u017ean naglasak na sigurnost.<\/p><p data-start=\"375\" data-end=\"555\">\u0160kola je namijenjena <strong>po\u010detnicima<\/strong> i <strong>naprednim voza\u010dima<\/strong> te nudi strukturirane treninge koji poma\u017eu voza\u010dima da voze br\u017ee, ugla\u0111enije i sigurnije \u2013 kako na stazi, tako i na cesti.<\/p><p data-start=\"375\" data-end=\"555\">Mo\u017eete izabrati izme\u0111u individualnih i grupnih treninga u trajanju 1 ili 2 dana.<\/p>\t\t\t\t\t\t\t\t<\/div>\n\t\t\t\t<\/div>\n\t\t\t\t\t<\/div>\n\t\t<\/div>\n\t\t\t\t<div class=\"elementor-column elementor-col-50 elementor-top-column elementor-element elementor-element-ceaba3d\" data-id=\"ceaba3d\" data-element_type=\"column\" data-e-type=\"column\">\n\t\t\t<div class=\"elementor-widget-wrap elementor-element-populated\">\n\t\t\t\t\t\t<div class=\"elementor-element elementor-element-aa9bd22 elementor-view-default elementor-widget elementor-widget-icon\" data-id=\"aa9bd22\" data-element_type=\"widget\" data-e-type=\"widget\" data-widget_type=\"icon.default\">\n\t\t\t\t<div class=\"elementor-widget-container\">\n\t\t\t\t\t\t\t<div class=\"elementor-icon-wrapper\">\n\t\t\t<a class=\"elementor-icon\" href=\"https:\/\/www.instagram.com\/skolavoznje34\/\">\n\t\t\t<i aria-hidden=\"true\" class=\"fab fa-instagram\"><\/i>\t\t\t<\/a>\n\t\t<\/div>\n\t\t\t\t\t\t<\/div>\n\t\t\t\t<\/div>\n\t\t\t\t<div class=\"elementor-element elementor-element-8281713 elementor-align-center elementor-widget elementor-widget-button\" data-id=\"8281713\" data-element_type=\"widget\" data-e-type=\"widget\" data-widget_type=\"button.default\">\n\t\t\t\t<div class=\"elementor-widget-container\">\n\t\t\t\t\t\t\t\t\t<div class=\"elementor-button-wrapper\">\n\t\t\t\t\t<a class=\"elementor-button elementor-button-link elementor-size-sm\" href=\"https:\/\/www.instagram.com\/skolavoznje34\/\">\n\t\t\t\t\t\t<span class=\"elementor-button-content-wrapper\">\n\t\t\t\t\t\t\t\t\t<span class=\"elementor-button-text\">Na\u0161 Instagram profil<\/span>\n\t\t\t\t\t<\/span>\n\t\t\t\t\t<\/a>\n\t\t\t\t<\/div>\n\t\t\t\t\t\t\t\t<\/div>\n\t\t\t\t<\/div>\n\t\t\t\t\t<\/div>\n\t\t<\/div>\n\t\t\t\t\t<\/div>\n\t\t<\/section>\n\t\t\t\t<section class=\"elementor-section elementor-top-section elementor-element elementor-element-abbc9e6 elementor-section-boxed elementor-section-height-default elementor-section-height-default\" data-id=\"abbc9e6\" data-element_type=\"section\" data-e-type=\"section\">\n\t\t\t\t\t\t<div class=\"elementor-container elementor-column-gap-default\">\n\t\t\t\t\t<div class=\"elementor-column elementor-col-100 elementor-top-column elementor-element elementor-element-048cf2d\" data-id=\"048cf2d\" data-element_type=\"column\" data-e-type=\"column\">\n\t\t\t<div class=\"elementor-widget-wrap elementor-element-populated\">\n\t\t\t\t\t\t<div class=\"elementor-element elementor-element-769614d elementor-widget elementor-widget-spacer\" data-id=\"769614d\" data-element_type=\"widget\" data-e-type=\"widget\" data-widget_type=\"spacer.default\">\n\t\t\t\t<div class=\"elementor-widget-container\">\n\t\t\t\t\t\t\t<div class=\"elementor-spacer\">\n\t\t\t<div class=\"elementor-spacer-inner\"><\/div>\n\t\t<\/div>\n\t\t\t\t\t\t<\/div>\n\t\t\t\t<\/div>\n\t\t\t\t<div class=\"elementor-element elementor-element-f1c4207 elementor-widget-divider--view-line elementor-widget elementor-widget-divider\" data-id=\"f1c4207\" data-element_type=\"widget\" data-e-type=\"widget\" data-widget_type=\"divider.default\">\n\t\t\t\t<div class=\"elementor-widget-container\">\n\t\t\t\t\t\t\t<div class=\"elementor-divider\">\n\t\t\t<span class=\"elementor-divider-separator\">\n\t\t\t\t\t\t<\/span>\n\t\t<\/div>\n\t\t\t\t\t\t<\/div>\n\t\t\t\t<\/div>\n\t\t\t\t<div class=\"elementor-element elementor-element-de074fb elementor-widget elementor-widget-heading\" data-id=\"de074fb\" data-element_type=\"widget\" data-e-type=\"widget\" data-widget_type=\"heading.default\">\n\t\t\t\t<div class=\"elementor-widget-container\">\n\t\t\t\t\t<h2 class=\"elementor-heading-title elementor-size-default\">Pokloni iskustvo <\/h2>\t\t\t\t<\/div>\n\t\t\t\t<\/div>\n\t\t\t\t\t<\/div>\n\t\t<\/div>\n\t\t\t\t\t<\/div>\n\t\t<\/section>\n\t\t\t\t<section class=\"elementor-section elementor-top-section elementor-element elementor-element-4e0c231 elementor-section-boxed elementor-section-height-default elementor-section-height-default\" data-id=\"4e0c231\" data-element_type=\"section\" data-e-type=\"section\">\n\t\t\t\t\t\t<div class=\"elementor-container elementor-column-gap-default\">\n\t\t\t\t\t<div class=\"elementor-column elementor-col-100 elementor-top-column elementor-element elementor-element-c04daea\" data-id=\"c04daea\" data-element_type=\"column\" data-e-type=\"column\">\n\t\t\t<div class=\"elementor-widget-wrap elementor-element-populated\">\n\t\t\t\t\t\t<div class=\"elementor-element elementor-element-52f8569 elementor-widget elementor-widget-image\" data-id=\"52f8569\" data-element_type=\"widget\" data-e-type=\"widget\" data-widget_type=\"image.default\">\n\t\t\t\t<div class=\"elementor-widget-container\">\n\t\t\t\t\t\t\t\t\t\t\t\t\t\t\t<img fetchpriority=\"high\" decoding=\"async\" width=\"960\" height=\"421\" src=\"https:\/\/lorismajcan.com\/wp-content\/uploads\/2026\/01\/KUPON-TEMPLATE.pdf-1024x449.png\" class=\"attachment-large size-large wp-image-1017\" alt=\"\" srcset=\"https:\/\/lorismajcan.com\/wp-content\/uploads\/2026\/01\/KUPON-TEMPLATE.pdf-1024x449.png 1024w, https:\/\/lorismajcan.com\/wp-content\/uploads\/2026\/01\/KUPON-TEMPLATE.pdf-300x132.png 300w, https:\/\/lorismajcan.com\/wp-content\/uploads\/2026\/01\/KUPON-TEMPLATE.pdf-768x337.png 768w, https:\/\/lorismajcan.com\/wp-content\/uploads\/2026\/01\/KUPON-TEMPLATE.pdf-1536x674.png 1536w, https:\/\/lorismajcan.com\/wp-content\/uploads\/2026\/01\/KUPON-TEMPLATE.pdf-2048x899.png 2048w, https:\/\/lorismajcan.com\/wp-content\/uploads\/2026\/01\/KUPON-TEMPLATE.pdf-600x263.png 600w\" sizes=\"(max-width: 960px) 100vw, 960px\" \/>\t\t\t\t\t\t\t\t\t\t\t\t\t\t\t<\/div>\n\t\t\t\t<\/div>\n\t\t\t\t<div class=\"elementor-element elementor-element-46c6b32 elementor-widget elementor-widget-spacer\" data-id=\"46c6b32\" data-element_type=\"widget\" data-e-type=\"widget\" data-widget_type=\"spacer.default\">\n\t\t\t\t<div class=\"elementor-widget-container\">\n\t\t\t\t\t\t\t<div class=\"elementor-spacer\">\n\t\t\t<div class=\"elementor-spacer-inner\"><\/div>\n\t\t<\/div>\n\t\t\t\t\t\t<\/div>\n\t\t\t\t<\/div>\n\t\t\t\t\t<\/div>\n\t\t<\/div>\n\t\t\t\t\t<\/div>\n\t\t<\/section>\n\t\t\t\t<section class=\"elementor-section elementor-top-section elementor-element elementor-element-7b243be elementor-section-boxed elementor-section-height-default elementor-section-height-default\" data-id=\"7b243be\" data-element_type=\"section\" data-e-type=\"section\" data-settings=\"{&quot;background_background&quot;:&quot;classic&quot;}\">\n\t\t\t\t\t\t<div class=\"elementor-container elementor-column-gap-default\">\n\t\t\t\t\t<div class=\"elementor-column elementor-col-50 elementor-top-column elementor-element elementor-element-4bb56ed\" data-id=\"4bb56ed\" data-element_type=\"column\" data-e-type=\"column\">\n\t\t\t<div class=\"elementor-widget-wrap elementor-element-populated\">\n\t\t\t\t\t\t<div class=\"elementor-element elementor-element-0a06308 elementor-widget__width-initial elementor-widget elementor-widget-text-editor\" data-id=\"0a06308\" data-element_type=\"widget\" data-e-type=\"widget\" data-widget_type=\"text-editor.default\">\n\t\t\t\t<div class=\"elementor-widget-container\">\n\t\t\t\t\t\t\t\t\t<p>Upi\u0161i svoje podatke i vrstu te\u010daja koja te zanima, a mi \u0107emo te direktno kontaktirati radi dogovora oko detalja i termina.<\/p>\t\t\t\t\t\t\t\t<\/div>\n\t\t\t\t<\/div>\n\t\t\t\t\t<\/div>\n\t\t<\/div>\n\t\t\t\t<div class=\"elementor-column elementor-col-50 elementor-top-column elementor-element elementor-element-012ab98\" data-id=\"012ab98\" data-element_type=\"column\" data-e-type=\"column\">\n\t\t\t<div class=\"elementor-widget-wrap elementor-element-populated\">\n\t\t\t\t\t\t<div class=\"elementor-element elementor-element-950d524 elementor-mobile-button-align-center elementor-widget__width-initial elementor-widget-mobile__width-initial elementor-button-align-start elementor-widget elementor-widget-form\" data-id=\"950d524\" data-element_type=\"widget\" data-e-type=\"widget\" data-settings=\"{&quot;step_next_label&quot;:&quot;Next&quot;,&quot;step_previous_label&quot;:&quot;Previous&quot;,&quot;button_width&quot;:&quot;100&quot;,&quot;step_type&quot;:&quot;number_text&quot;,&quot;step_icon_shape&quot;:&quot;circle&quot;}\" data-widget_type=\"form.default\">\n\t\t\t\t<div class=\"elementor-widget-container\">\n\t\t\t\t\t\t\t<form class=\"elementor-form\" method=\"post\" name=\"New Form\">\n\t\t\t<input type=\"hidden\" name=\"post_id\" value=\"671\"\/>\n\t\t\t<input type=\"hidden\" name=\"form_id\" value=\"950d524\"\/>\n\t\t\t<input type=\"hidden\" name=\"referer_title\" value=\"Loris Majcan Official Website\" \/>\n\n\t\t\t\n\t\t\t<div class=\"elementor-form-fields-wrapper elementor-labels-above\">\n\t\t\t\t\t\t\t\t<div class=\"elementor-field-type-text elementor-field-group elementor-column elementor-field-group-name elementor-col-100\">\n\t\t\t\t\t\t\t\t\t\t\t\t<label for=\"form-field-name\" class=\"elementor-field-label\">\n\t\t\t\t\t\t\t\tIme i prezime\t\t\t\t\t\t\t<\/label>\n\t\t\t\t\t\t\t\t\t\t\t\t\t\t<input size=\"1\" type=\"text\" name=\"form_fields[name]\" id=\"form-field-name\" class=\"elementor-field elementor-size-sm  elementor-field-textual\" placeholder=\"Ime i prezime\">\n\t\t\t\t\t\t\t\t\t\t\t<\/div>\n\t\t\t\t\t\t\t\t<div class=\"elementor-field-type-number elementor-field-group elementor-column elementor-field-group-field_dcd5e02 elementor-col-100\">\n\t\t\t\t\t\t\t\t\t\t\t\t<label for=\"form-field-field_dcd5e02\" class=\"elementor-field-label\">\n\t\t\t\t\t\t\t\tBroj mobitela\t\t\t\t\t\t\t<\/label>\n\t\t\t\t\t\t\t\t\t<input type=\"number\" name=\"form_fields[field_dcd5e02]\" id=\"form-field-field_dcd5e02\" class=\"elementor-field elementor-size-sm  elementor-field-textual\" placeholder=\"+385\" min=\"\" max=\"\" >\n\t\t\t\t\t\t<\/div>\n\t\t\t\t\t\t\t\t<div class=\"elementor-field-type-email elementor-field-group elementor-column elementor-field-group-email elementor-col-100 elementor-field-required\">\n\t\t\t\t\t\t\t\t\t\t\t\t<label for=\"form-field-email\" class=\"elementor-field-label\">\n\t\t\t\t\t\t\t\tEmail\t\t\t\t\t\t\t<\/label>\n\t\t\t\t\t\t\t\t\t\t\t\t\t\t<input size=\"1\" type=\"email\" name=\"form_fields[email]\" id=\"form-field-email\" class=\"elementor-field elementor-size-sm  elementor-field-textual\" placeholder=\"Email\" required=\"required\" aria-required=\"true\">\n\t\t\t\t\t\t\t\t\t\t\t<\/div>\n\t\t\t\t\t\t\t\t<div class=\"elementor-field-type-select elementor-field-group elementor-column elementor-field-group-field_0f6d40b elementor-col-100 elementor-field-type-select-multiple\">\n\t\t\t\t\t\t\t\t\t\t\t\t<label for=\"form-field-field_0f6d40b\" class=\"elementor-field-label\">\n\t\t\t\t\t\t\t\tVrsta te\u010daja\t\t\t\t\t\t\t<\/label>\n\t\t\t\t\t\t\t\t<div class=\"elementor-field elementor-select-wrapper remove-before \">\n\t\t\t<div class=\"select-caret-down-wrapper\">\n\t\t\t\t\t\t\t<\/div>\n\t\t\t<select name=\"form_fields[field_0f6d40b][]\" id=\"form-field-field_0f6d40b\" class=\"elementor-field-textual elementor-size-sm\" multiple=\"\" size=\"2\">\n\t\t\t\t\t\t\t\t\t<option value=\"Grupni\">Grupni<\/option>\n\t\t\t\t\t\t\t\t\t<option value=\"Individualni\">Individualni<\/option>\n\t\t\t\t\t\t\t<\/select>\n\t\t<\/div>\n\t\t\t\t\t\t<\/div>\n\t\t\t\t\t\t\t\t<div class=\"elementor-field-type-textarea elementor-field-group elementor-column elementor-field-group-message elementor-col-100\">\n\t\t\t\t\t\t\t\t\t\t\t\t<label for=\"form-field-message\" class=\"elementor-field-label\">\n\t\t\t\t\t\t\t\tPoruka\t\t\t\t\t\t\t<\/label>\n\t\t\t\t\t\t<textarea class=\"elementor-field-textual elementor-field  elementor-size-sm\" name=\"form_fields[message]\" id=\"form-field-message\" rows=\"4\" placeholder=\"Poruka\"><\/textarea>\t\t\t\t<\/div>\n\t\t\t\t\t\t\t\t<div class=\"elementor-field-type-recaptcha_v3 elementor-field-group elementor-column elementor-field-group-field_1056aff elementor-col-100 recaptcha_v3-bottomright\">\n\t\t\t\t\t<div class=\"elementor-field\" id=\"form-field-field_1056aff\"><div class=\"elementor-g-recaptcha\" data-sitekey=\"6LeQJ10sAAAAAKd5UiD9ZUjgS_AJzcpJKtJ0g4Lj\" data-type=\"v3\" data-action=\"Form\" data-badge=\"bottomright\" data-size=\"invisible\"><\/div><\/div>\t\t\t\t<\/div>\n\t\t\t\t\t\t\t\t<div class=\"elementor-field-group elementor-column elementor-field-type-submit elementor-col-100 e-form__buttons\">\n\t\t\t\t\t<button class=\"elementor-button elementor-size-sm\" type=\"submit\">\n\t\t\t\t\t\t<span class=\"elementor-button-content-wrapper\">\n\t\t\t\t\t\t\t\t\t\t\t\t\t\t\t\t\t\t\t\t\t\t<span class=\"elementor-button-text\">Po\u0161alji<\/span>\n\t\t\t\t\t\t\t\t\t\t\t\t\t<\/span>\n\t\t\t\t\t<\/button>\n\t\t\t\t<\/div>\n\t\t\t<\/div>\n\t\t<\/form>\n\t\t\t\t\t\t<\/div>\n\t\t\t\t<\/div>\n\t\t\t\t\t<\/div>\n\t\t<\/div>\n\t\t\t\t\t<\/div>\n\t\t<\/section>\n\t\t\t\t<\/div>\n\t\t","protected":false},"excerpt":{"rendered":"<p>Te\u010daj sigurne i sportske vo\u017enje koji se odr\u017eava na na stazi &#8220;RAU\u0160&#8221;\u00a0Novi Marof, namijenjen je voza\u010dima koji \u017eele unaprijediti svoje vje\u0161tine, samopouzdanje i kontrolu nad motociklom. Treninge vodi Loris Majcan, iskusni voza\u010d TT utrka i trostruki prvak Hrvatske u motociklizmu, koji prenosi stvarno trka\u0107e znanje uz sna\u017ean naglasak na sigurnost. \u0160kola je namijenjena po\u010detnicima i [&hellip;]<\/p>\n","protected":false},"author":1,"featured_media":1008,"parent":0,"menu_order":0,"comment_status":"closed","ping_status":"closed","template":"elementor_header_footer","meta":{"footnotes":""},"class_list":["post-671","page","type-page","status-publish","has-post-thumbnail","hentry"],"yoast_head":"<!-- This site is optimized with the Yoast SEO plugin v26.8 - https:\/\/yoast.com\/product\/yoast-seo-wordpress\/ -->\n<title>34 School - Loris Majcan Official Website<\/title>\n<meta name=\"robots\" content=\"index, follow, max-snippet:-1, max-image-preview:large, max-video-preview:-1\" \/>\n<link rel=\"canonical\" href=\"https:\/\/lorismajcan.com\/34-riding-school\/\" \/>\n<meta property=\"og:locale\" content=\"en_US\" \/>\n<meta property=\"og:type\" content=\"article\" \/>\n<meta property=\"og:title\" content=\"34 School - Loris Majcan Official Website\" \/>\n<meta property=\"og:description\" content=\"Te\u010daj sigurne i sportske vo\u017enje koji se odr\u017eava na na stazi &#8220;RAU\u0160&#8221;\u00a0Novi Marof, namijenjen je voza\u010dima koji \u017eele unaprijediti svoje vje\u0161tine, samopouzdanje i kontrolu nad motociklom. Treninge vodi Loris Majcan, iskusni voza\u010d TT utrka i trostruki prvak Hrvatske u motociklizmu, koji prenosi stvarno trka\u0107e znanje uz sna\u017ean naglasak na sigurnost. \u0160kola je namijenjena po\u010detnicima i [&hellip;]\" \/>\n<meta property=\"og:url\" content=\"https:\/\/lorismajcan.com\/34-riding-school\/\" \/>\n<meta property=\"og:site_name\" content=\"Loris Majcan Official Website\" \/>\n<meta property=\"article:publisher\" content=\"https:\/\/www.facebook.com\/lorix123\/\" \/>\n<meta property=\"article:modified_time\" content=\"2026-03-24T18:23:42+00:00\" \/>\n<meta property=\"og:image\" content=\"https:\/\/lorismajcan.com\/wp-content\/uploads\/2026\/01\/BD2I8554-1-1.jpg\" \/>\n\t<meta property=\"og:image:width\" content=\"1600\" \/>\n\t<meta property=\"og:image:height\" content=\"1066\" \/>\n\t<meta property=\"og:image:type\" content=\"image\/jpeg\" \/>\n<meta name=\"twitter:card\" content=\"summary_large_image\" \/>\n<meta name=\"twitter:label1\" content=\"Est. reading time\" \/>\n\t<meta name=\"twitter:data1\" content=\"1 minute\" \/>\n<script type=\"application\/ld+json\" class=\"yoast-schema-graph\">{\"@context\":\"https:\/\/schema.org\",\"@graph\":[{\"@type\":\"WebPage\",\"@id\":\"https:\/\/lorismajcan.com\/34-riding-school\/\",\"url\":\"https:\/\/lorismajcan.com\/34-riding-school\/\",\"name\":\"34 School - Loris Majcan Official Website\",\"isPartOf\":{\"@id\":\"https:\/\/lorismajcan.com\/#website\"},\"primaryImageOfPage\":{\"@id\":\"https:\/\/lorismajcan.com\/34-riding-school\/#primaryimage\"},\"image\":{\"@id\":\"https:\/\/lorismajcan.com\/34-riding-school\/#primaryimage\"},\"thumbnailUrl\":\"https:\/\/lorismajcan.com\/wp-content\/uploads\/2026\/01\/BD2I8554-1-1.jpg\",\"datePublished\":\"2026-01-13T08:41:54+00:00\",\"dateModified\":\"2026-03-24T18:23:42+00:00\",\"breadcrumb\":{\"@id\":\"https:\/\/lorismajcan.com\/34-riding-school\/#breadcrumb\"},\"inLanguage\":\"en-US\",\"potentialAction\":[{\"@type\":\"ReadAction\",\"target\":[\"https:\/\/lorismajcan.com\/34-riding-school\/\"]}]},{\"@type\":\"ImageObject\",\"inLanguage\":\"en-US\",\"@id\":\"https:\/\/lorismajcan.com\/34-riding-school\/#primaryimage\",\"url\":\"https:\/\/lorismajcan.com\/wp-content\/uploads\/2026\/01\/BD2I8554-1-1.jpg\",\"contentUrl\":\"https:\/\/lorismajcan.com\/wp-content\/uploads\/2026\/01\/BD2I8554-1-1.jpg\",\"width\":1600,\"height\":1066,\"caption\":\"Loris Majcan\"},{\"@type\":\"BreadcrumbList\",\"@id\":\"https:\/\/lorismajcan.com\/34-riding-school\/#breadcrumb\",\"itemListElement\":[{\"@type\":\"ListItem\",\"position\":1,\"name\":\"Po\u010detna stranica\",\"item\":\"https:\/\/lorismajcan.com\/\"},{\"@type\":\"ListItem\",\"position\":2,\"name\":\"34 School\"}]},{\"@type\":\"WebSite\",\"@id\":\"https:\/\/lorismajcan.com\/#website\",\"url\":\"https:\/\/lorismajcan.com\/\",\"name\":\"Loris Majcan Official Website\",\"description\":\"Loris Majcan Official Website and Merchandise Shop\",\"publisher\":{\"@id\":\"https:\/\/lorismajcan.com\/#organization\"},\"potentialAction\":[{\"@type\":\"SearchAction\",\"target\":{\"@type\":\"EntryPoint\",\"urlTemplate\":\"https:\/\/lorismajcan.com\/?s={search_term_string}\"},\"query-input\":{\"@type\":\"PropertyValueSpecification\",\"valueRequired\":true,\"valueName\":\"search_term_string\"}}],\"inLanguage\":\"en-US\"},{\"@type\":\"Organization\",\"@id\":\"https:\/\/lorismajcan.com\/#organization\",\"name\":\"Loris Majcan Official Website\",\"url\":\"https:\/\/lorismajcan.com\/\",\"logo\":{\"@type\":\"ImageObject\",\"inLanguage\":\"en-US\",\"@id\":\"https:\/\/lorismajcan.com\/#\/schema\/logo\/image\/\",\"url\":\"https:\/\/lorismajcan.com\/wp-content\/uploads\/2023\/06\/cropped-cropped-broj-34-novi-scaled-2.jpg\",\"contentUrl\":\"https:\/\/lorismajcan.com\/wp-content\/uploads\/2023\/06\/cropped-cropped-broj-34-novi-scaled-2.jpg\",\"width\":512,\"height\":512,\"caption\":\"Loris Majcan Official Website\"},\"image\":{\"@id\":\"https:\/\/lorismajcan.com\/#\/schema\/logo\/image\/\"},\"sameAs\":[\"https:\/\/www.facebook.com\/lorix123\/\",\"https:\/\/www.instagram.com\/lorke34\/\"]}]}<\/script>\n<!-- \/ Yoast SEO plugin. -->","yoast_head_json":{"title":"34 School - Loris Majcan Official Website","robots":{"index":"index","follow":"follow","max-snippet":"max-snippet:-1","max-image-preview":"max-image-preview:large","max-video-preview":"max-video-preview:-1"},"canonical":"https:\/\/lorismajcan.com\/34-riding-school\/","og_locale":"en_US","og_type":"article","og_title":"34 School - Loris Majcan Official Website","og_description":"Te\u010daj sigurne i sportske vo\u017enje koji se odr\u017eava na na stazi &#8220;RAU\u0160&#8221;\u00a0Novi Marof, namijenjen je voza\u010dima koji \u017eele unaprijediti svoje vje\u0161tine, samopouzdanje i kontrolu nad motociklom. Treninge vodi Loris Majcan, iskusni voza\u010d TT utrka i trostruki prvak Hrvatske u motociklizmu, koji prenosi stvarno trka\u0107e znanje uz sna\u017ean naglasak na sigurnost. \u0160kola je namijenjena po\u010detnicima i [&hellip;]","og_url":"https:\/\/lorismajcan.com\/34-riding-school\/","og_site_name":"Loris Majcan Official Website","article_publisher":"https:\/\/www.facebook.com\/lorix123\/","article_modified_time":"2026-03-24T18:23:42+00:00","og_image":[{"width":1600,"height":1066,"url":"https:\/\/lorismajcan.com\/wp-content\/uploads\/2026\/01\/BD2I8554-1-1.jpg","type":"image\/jpeg"}],"twitter_card":"summary_large_image","twitter_misc":{"Est. reading time":"1 minute"},"schema":{"@context":"https:\/\/schema.org","@graph":[{"@type":"WebPage","@id":"https:\/\/lorismajcan.com\/34-riding-school\/","url":"https:\/\/lorismajcan.com\/34-riding-school\/","name":"34 School - Loris Majcan Official Website","isPartOf":{"@id":"https:\/\/lorismajcan.com\/#website"},"primaryImageOfPage":{"@id":"https:\/\/lorismajcan.com\/34-riding-school\/#primaryimage"},"image":{"@id":"https:\/\/lorismajcan.com\/34-riding-school\/#primaryimage"},"thumbnailUrl":"https:\/\/lorismajcan.com\/wp-content\/uploads\/2026\/01\/BD2I8554-1-1.jpg","datePublished":"2026-01-13T08:41:54+00:00","dateModified":"2026-03-24T18:23:42+00:00","breadcrumb":{"@id":"https:\/\/lorismajcan.com\/34-riding-school\/#breadcrumb"},"inLanguage":"en-US","potentialAction":[{"@type":"ReadAction","target":["https:\/\/lorismajcan.com\/34-riding-school\/"]}]},{"@type":"ImageObject","inLanguage":"en-US","@id":"https:\/\/lorismajcan.com\/34-riding-school\/#primaryimage","url":"https:\/\/lorismajcan.com\/wp-content\/uploads\/2026\/01\/BD2I8554-1-1.jpg","contentUrl":"https:\/\/lorismajcan.com\/wp-content\/uploads\/2026\/01\/BD2I8554-1-1.jpg","width":1600,"height":1066,"caption":"Loris Majcan"},{"@type":"BreadcrumbList","@id":"https:\/\/lorismajcan.com\/34-riding-school\/#breadcrumb","itemListElement":[{"@type":"ListItem","position":1,"name":"Po\u010detna stranica","item":"https:\/\/lorismajcan.com\/"},{"@type":"ListItem","position":2,"name":"34 School"}]},{"@type":"WebSite","@id":"https:\/\/lorismajcan.com\/#website","url":"https:\/\/lorismajcan.com\/","name":"Loris Majcan Official Website","description":"Loris Majcan Official Website and Merchandise Shop","publisher":{"@id":"https:\/\/lorismajcan.com\/#organization"},"potentialAction":[{"@type":"SearchAction","target":{"@type":"EntryPoint","urlTemplate":"https:\/\/lorismajcan.com\/?s={search_term_string}"},"query-input":{"@type":"PropertyValueSpecification","valueRequired":true,"valueName":"search_term_string"}}],"inLanguage":"en-US"},{"@type":"Organization","@id":"https:\/\/lorismajcan.com\/#organization","name":"Loris Majcan Official Website","url":"https:\/\/lorismajcan.com\/","logo":{"@type":"ImageObject","inLanguage":"en-US","@id":"https:\/\/lorismajcan.com\/#\/schema\/logo\/image\/","url":"https:\/\/lorismajcan.com\/wp-content\/uploads\/2023\/06\/cropped-cropped-broj-34-novi-scaled-2.jpg","contentUrl":"https:\/\/lorismajcan.com\/wp-content\/uploads\/2023\/06\/cropped-cropped-broj-34-novi-scaled-2.jpg","width":512,"height":512,"caption":"Loris Majcan Official Website"},"image":{"@id":"https:\/\/lorismajcan.com\/#\/schema\/logo\/image\/"},"sameAs":["https:\/\/www.facebook.com\/lorix123\/","https:\/\/www.instagram.com\/lorke34\/"]}]}},"jetpack_sharing_enabled":true,"_links":{"self":[{"href":"https:\/\/lorismajcan.com\/wp-json\/wp\/v2\/pages\/671","targetHints":{"allow":["GET"]}}],"collection":[{"href":"https:\/\/lorismajcan.com\/wp-json\/wp\/v2\/pages"}],"about":[{"href":"https:\/\/lorismajcan.com\/wp-json\/wp\/v2\/types\/page"}],"author":[{"embeddable":true,"href":"https:\/\/lorismajcan.com\/wp-json\/wp\/v2\/users\/1"}],"replies":[{"embeddable":true,"href":"https:\/\/lorismajcan.com\/wp-json\/wp\/v2\/comments?post=671"}],"version-history":[{"count":114,"href":"https:\/\/lorismajcan.com\/wp-json\/wp\/v2\/pages\/671\/revisions"}],"predecessor-version":[{"id":1456,"href":"https:\/\/lorismajcan.com\/wp-json\/wp\/v2\/pages\/671\/revisions\/1456"}],"wp:featuredmedia":[{"embeddable":true,"href":"https:\/\/lorismajcan.com\/wp-json\/wp\/v2\/media\/1008"}],"wp:attachment":[{"href":"https:\/\/lorismajcan.com\/wp-json\/wp\/v2\/media?parent=671"}],"curies":[{"name":"wp","href":"https:\/\/api.w.org\/{rel}","templated":true}]}}