{"id":1152,"date":"2026-02-01T10:42:27","date_gmt":"2026-02-01T10:42:27","guid":{"rendered":"https:\/\/lorismajcan.com\/?page_id=1152"},"modified":"2026-02-01T10:43:46","modified_gmt":"2026-02-01T10:43:46","slug":"politika-kolacica","status":"publish","type":"page","link":"https:\/\/lorismajcan.com\/politika-kolacica\/","title":{"rendered":"Politika kola\u010di\u0107a"},"content":{"rendered":"\t\t<div data-elementor-type=\"wp-page\" data-elementor-id=\"1152\" class=\"elementor elementor-1152\" data-elementor-post-type=\"page\">\n\t\t\t\t\t\t<section class=\"elementor-section elementor-top-section elementor-element elementor-element-8fc56bc elementor-section-boxed elementor-section-height-default elementor-section-height-default\" data-id=\"8fc56bc\" data-element_type=\"section\" data-e-type=\"section\">\n\t\t\t\t\t\t<div class=\"elementor-container elementor-column-gap-default\">\n\t\t\t\t\t<div class=\"elementor-column elementor-col-100 elementor-top-column elementor-element elementor-element-6e9173b\" data-id=\"6e9173b\" data-element_type=\"column\" data-e-type=\"column\">\n\t\t\t<div class=\"elementor-widget-wrap elementor-element-populated\">\n\t\t\t\t\t\t<div class=\"elementor-element elementor-element-13fe804 elementor-widget elementor-widget-text-editor\" data-id=\"13fe804\" data-element_type=\"widget\" data-e-type=\"widget\" data-widget_type=\"text-editor.default\">\n\t\t\t\t<div class=\"elementor-widget-container\">\n\t\t\t\t\t\t\t\t\t<div class=\"elementor-element elementor-element-6407ad2e elementor-widget elementor-widget-text-editor\" data-id=\"6407ad2e\" data-element_type=\"widget\" data-widget_type=\"text-editor.default\"><div class=\"elementor-widget-container\"><section class=\" elementor-section elementor-top-section elementor-element elementor-element-6d989d1 elementor-section-boxed elementor-section-height-default elementor-section-height-default\" data-id=\"6d989d1\" data-element_type=\"section\"><div class=\"elementor-container elementor-column-gap-default\"><div class=\" elementor-column elementor-col-100 elementor-top-column elementor-element elementor-element-65a55a0\" data-id=\"65a55a0\" data-element_type=\"column\"><div class=\"elementor-widget-wrap elementor-element-populated\"><div class=\" elementor-element elementor-element-b06ddbd elementor-widget elementor-widget-text-editor\" data-id=\"b06ddbd\" data-element_type=\"widget\" data-widget_type=\"text-editor.default\"><div class=\"elementor-widget-container\"><p>\u0160to su kola\u010di\u0107i? Ova Pravila o kola\u010di\u0107ima obja\u0161njavaju \u0161to su kola\u010di\u0107i i kako ih koristimo, vrste kola\u010di\u0107a koje koristimo, tj. informacije koje prikupljamo pomo\u0107u kola\u010di\u0107a i kako se te informacije koriste te kako upravljati postavkama kola\u010di\u0107a.<\/p><\/div><\/div><\/div><\/div><\/div><\/section><section class=\" elementor-section elementor-top-section elementor-element elementor-element-47a8888 elementor-section-boxed elementor-section-height-default elementor-section-height-default\" data-id=\"47a8888\" data-element_type=\"section\"><div class=\"elementor-container elementor-column-gap-default\"><div class=\" elementor-column elementor-col-100 elementor-top-column elementor-element elementor-element-09c7df3\" data-id=\"09c7df3\" data-element_type=\"column\"><div class=\"elementor-widget-wrap elementor-element-populated\"><div class=\" elementor-element elementor-element-186d636 elementor-widget elementor-widget-text-editor\" data-id=\"186d636\" data-element_type=\"widget\" data-widget_type=\"text-editor.default\"><div class=\"elementor-widget-container\"><p>\u00a0 \u00a0 \u00a0Kola\u010di\u0107i su male tekstualne datoteke koje se koriste za pohranjivanje malih dijelova informacija. Pohranjuju se na va\u0161em ure\u0111aju kada se web stranica u\u010dita u va\u0161 preglednik. Ovi kola\u010di\u0107i nam poma\u017eu da web-mjesto ispravno funkcionira, u\u010dinimo ga sigurnijim, pru\u017eimo bolje korisni\u010dko iskustvo i razumijemo kako web-mjesto funkcionira te analiziramo \u0161to radi i gdje treba pobolj\u0161ati.<\/p><p>\u00a0 \u00a0 \u00a0 Kako koristimo kola\u010di\u0107e? Kao i ve\u0107ina internetskih usluga, na\u0161a web stranica koristi kola\u010di\u0107e prve i tre\u0107e strane u nekoliko svrha. Kola\u010di\u0107i prve strane uglavnom su nu\u017eni za ispravno funkcioniranje web stranice i ne prikupljaju va\u0161e osobne podatke.<\/p><p>\u00a0 \u00a0 \u00a0 Kola\u010di\u0107i tre\u0107ih strana koji se koriste na na\u0161em web-mjestu uglavnom slu\u017ee za razumijevanje na\u010dina na koji web-mjesto radi, kako komunicirate s na\u0161im web-mjestom, za o\u010duvanje sigurnosti na\u0161ih usluga, za pru\u017eanje reklama koje su vam relevantne i sve u svemu za pru\u017eanje boljeg i pobolj\u0161anog korisnika iskustva i ubrzati va\u0161e budu\u0107e interakcije s na\u0161im web mjestom.<\/p><p><strong>\u00a0 \u00a0 \u00a0 Vrsta kola\u010di\u0107a koje koristimo<\/strong><\/p><p>Odaberi postavke kola\u010di\u0107a Postavke kola\u010di\u0107a Mo\u017eete promijeniti svoje postavke kola\u010di\u0107a u bilo kojem trenutku klikom na gornji gumb. To \u0107e vam omogu\u0107iti da ponovno posjetite natpis pristanka na kola\u010di\u0107e i promijenite svoje postavke ili odmah povu\u010dete svoj pristanak.<\/p><p>\u00a0 \u00a0Osim toga, razli\u010diti preglednici pru\u017eaju razli\u010dite metode za blokiranje i brisanje kola\u010di\u0107a koje koriste web stranice. Mo\u017eete promijeniti postavke svog preglednika kako biste blokirali\/izbrisali kola\u010di\u0107e. Dolje su navedene poveznice na dokumente podr\u0161ke o tome kako upravljati i brisati kola\u010di\u0107e iz glavnih web preglednika.<\/p><p>\u00a0Chrome: https:\/\/support.google.com\/accounts\/answer\/32050<\/p><p>Safari: https:\/\/support.apple.com\/en-in\/guide\/safari\/sfri11471\/mac<\/p><p>Firefox: https:\/\/support.mozilla.org\/en-US\/kb\/clear-cookies-and-site-data-firefox?redirectslug=delete-cookies-remove-info-websites-stored&amp;redirectlocale=en-US<\/p><p>Internet Explorer: https:\/\/support.microsoft.com\/en-us\/topic\/how-to-delete-cookie-files-in-internet-explorer-bca9446f-d873-78de-77ba-d42645fa52fc<\/p><p>Ako koristite bilo koji drugi web preglednik, posjetite slu\u017ebene dokumente za podr\u0161ku va\u0161eg preglednika.<\/p><\/div><\/div><\/div><\/div><\/div><\/section><\/div><\/div><div class=\"elementor-element elementor-element-dcea433 elementor-widget elementor-widget-spacer\" data-id=\"dcea433\" data-element_type=\"widget\" data-widget_type=\"spacer.default\"><div class=\"elementor-widget-container\"><div class=\"elementor-spacer\" style=\"text-align: left;\">\u00a0<\/div><\/div><\/div>\t\t\t\t\t\t\t\t<\/div>\n\t\t\t\t<\/div>\n\t\t\t\t\t<\/div>\n\t\t<\/div>\n\t\t\t\t\t<\/div>\n\t\t<\/section>\n\t\t\t\t<\/div>\n\t\t","protected":false},"excerpt":{"rendered":"<p>\u0160to su kola\u010di\u0107i? Ova Pravila o kola\u010di\u0107ima obja\u0161njavaju \u0161to su kola\u010di\u0107i i kako ih koristimo, vrste kola\u010di\u0107a koje koristimo, tj. informacije koje prikupljamo pomo\u0107u kola\u010di\u0107a i kako se te informacije koriste te kako upravljati postavkama kola\u010di\u0107a. \u00a0 \u00a0 \u00a0Kola\u010di\u0107i su male tekstualne datoteke koje se koriste za pohranjivanje malih dijelova informacija. Pohranjuju se na va\u0161em [&hellip;]<\/p>\n","protected":false},"author":1,"featured_media":0,"parent":0,"menu_order":0,"comment_status":"closed","ping_status":"closed","template":"","meta":{"footnotes":""},"class_list":["post-1152","page","type-page","status-publish","hentry"],"yoast_head":"<!-- This site is optimized with the Yoast SEO plugin v26.8 - https:\/\/yoast.com\/product\/yoast-seo-wordpress\/ -->\n<title>Politika kola\u010di\u0107a - Loris Majcan Official Website<\/title>\n<meta name=\"robots\" content=\"index, follow, max-snippet:-1, max-image-preview:large, max-video-preview:-1\" \/>\n<link rel=\"canonical\" href=\"https:\/\/lorismajcan.com\/politika-kolacica\/\" \/>\n<meta property=\"og:locale\" content=\"en_US\" \/>\n<meta property=\"og:type\" content=\"article\" \/>\n<meta property=\"og:title\" content=\"Politika kola\u010di\u0107a - Loris Majcan Official Website\" \/>\n<meta property=\"og:description\" content=\"\u0160to su kola\u010di\u0107i? Ova Pravila o kola\u010di\u0107ima obja\u0161njavaju \u0161to su kola\u010di\u0107i i kako ih koristimo, vrste kola\u010di\u0107a koje koristimo, tj. informacije koje prikupljamo pomo\u0107u kola\u010di\u0107a i kako se te informacije koriste te kako upravljati postavkama kola\u010di\u0107a. \u00a0 \u00a0 \u00a0Kola\u010di\u0107i su male tekstualne datoteke koje se koriste za pohranjivanje malih dijelova informacija. Pohranjuju se na va\u0161em [&hellip;]\" \/>\n<meta property=\"og:url\" content=\"https:\/\/lorismajcan.com\/politika-kolacica\/\" \/>\n<meta property=\"og:site_name\" content=\"Loris Majcan Official Website\" \/>\n<meta property=\"article:publisher\" content=\"https:\/\/www.facebook.com\/lorix123\/\" \/>\n<meta property=\"article:modified_time\" content=\"2026-02-01T10:43:46+00:00\" \/>\n<meta property=\"og:image\" content=\"https:\/\/lorismajcan.com\/wp-content\/uploads\/2026\/01\/BD2I8554-1-1.jpg\" \/>\n\t<meta property=\"og:image:width\" content=\"1600\" \/>\n\t<meta property=\"og:image:height\" content=\"1066\" \/>\n\t<meta property=\"og:image:type\" content=\"image\/jpeg\" \/>\n<meta name=\"twitter:card\" content=\"summary_large_image\" \/>\n<meta name=\"twitter:label1\" content=\"Est. reading time\" \/>\n\t<meta name=\"twitter:data1\" content=\"5 minutes\" \/>\n<script type=\"application\/ld+json\" class=\"yoast-schema-graph\">{\"@context\":\"https:\/\/schema.org\",\"@graph\":[{\"@type\":\"WebPage\",\"@id\":\"https:\/\/lorismajcan.com\/politika-kolacica\/\",\"url\":\"https:\/\/lorismajcan.com\/politika-kolacica\/\",\"name\":\"Politika kola\u010di\u0107a - Loris Majcan Official Website\",\"isPartOf\":{\"@id\":\"https:\/\/lorismajcan.com\/#website\"},\"datePublished\":\"2026-02-01T10:42:27+00:00\",\"dateModified\":\"2026-02-01T10:43:46+00:00\",\"breadcrumb\":{\"@id\":\"https:\/\/lorismajcan.com\/politika-kolacica\/#breadcrumb\"},\"inLanguage\":\"en-US\",\"potentialAction\":[{\"@type\":\"ReadAction\",\"target\":[\"https:\/\/lorismajcan.com\/politika-kolacica\/\"]}]},{\"@type\":\"BreadcrumbList\",\"@id\":\"https:\/\/lorismajcan.com\/politika-kolacica\/#breadcrumb\",\"itemListElement\":[{\"@type\":\"ListItem\",\"position\":1,\"name\":\"Po\u010detna stranica\",\"item\":\"https:\/\/lorismajcan.com\/\"},{\"@type\":\"ListItem\",\"position\":2,\"name\":\"Politika kola\u010di\u0107a\"}]},{\"@type\":\"WebSite\",\"@id\":\"https:\/\/lorismajcan.com\/#website\",\"url\":\"https:\/\/lorismajcan.com\/\",\"name\":\"Loris Majcan Official Website\",\"description\":\"Loris Majcan Official Website and Merchandise Shop\",\"publisher\":{\"@id\":\"https:\/\/lorismajcan.com\/#organization\"},\"potentialAction\":[{\"@type\":\"SearchAction\",\"target\":{\"@type\":\"EntryPoint\",\"urlTemplate\":\"https:\/\/lorismajcan.com\/?s={search_term_string}\"},\"query-input\":{\"@type\":\"PropertyValueSpecification\",\"valueRequired\":true,\"valueName\":\"search_term_string\"}}],\"inLanguage\":\"en-US\"},{\"@type\":\"Organization\",\"@id\":\"https:\/\/lorismajcan.com\/#organization\",\"name\":\"Loris Majcan Official Website\",\"url\":\"https:\/\/lorismajcan.com\/\",\"logo\":{\"@type\":\"ImageObject\",\"inLanguage\":\"en-US\",\"@id\":\"https:\/\/lorismajcan.com\/#\/schema\/logo\/image\/\",\"url\":\"https:\/\/lorismajcan.com\/wp-content\/uploads\/2023\/06\/cropped-cropped-broj-34-novi-scaled-2.jpg\",\"contentUrl\":\"https:\/\/lorismajcan.com\/wp-content\/uploads\/2023\/06\/cropped-cropped-broj-34-novi-scaled-2.jpg\",\"width\":512,\"height\":512,\"caption\":\"Loris Majcan Official Website\"},\"image\":{\"@id\":\"https:\/\/lorismajcan.com\/#\/schema\/logo\/image\/\"},\"sameAs\":[\"https:\/\/www.facebook.com\/lorix123\/\",\"https:\/\/www.instagram.com\/lorke34\/\"]}]}<\/script>\n<!-- \/ Yoast SEO plugin. -->","yoast_head_json":{"title":"Politika kola\u010di\u0107a - Loris Majcan Official Website","robots":{"index":"index","follow":"follow","max-snippet":"max-snippet:-1","max-image-preview":"max-image-preview:large","max-video-preview":"max-video-preview:-1"},"canonical":"https:\/\/lorismajcan.com\/politika-kolacica\/","og_locale":"en_US","og_type":"article","og_title":"Politika kola\u010di\u0107a - Loris Majcan Official Website","og_description":"\u0160to su kola\u010di\u0107i? Ova Pravila o kola\u010di\u0107ima obja\u0161njavaju \u0161to su kola\u010di\u0107i i kako ih koristimo, vrste kola\u010di\u0107a koje koristimo, tj. informacije koje prikupljamo pomo\u0107u kola\u010di\u0107a i kako se te informacije koriste te kako upravljati postavkama kola\u010di\u0107a. \u00a0 \u00a0 \u00a0Kola\u010di\u0107i su male tekstualne datoteke koje se koriste za pohranjivanje malih dijelova informacija. Pohranjuju se na va\u0161em [&hellip;]","og_url":"https:\/\/lorismajcan.com\/politika-kolacica\/","og_site_name":"Loris Majcan Official Website","article_publisher":"https:\/\/www.facebook.com\/lorix123\/","article_modified_time":"2026-02-01T10:43:46+00:00","og_image":[{"width":1600,"height":1066,"url":"https:\/\/lorismajcan.com\/wp-content\/uploads\/2026\/01\/BD2I8554-1-1.jpg","type":"image\/jpeg"}],"twitter_card":"summary_large_image","twitter_misc":{"Est. reading time":"5 minutes"},"schema":{"@context":"https:\/\/schema.org","@graph":[{"@type":"WebPage","@id":"https:\/\/lorismajcan.com\/politika-kolacica\/","url":"https:\/\/lorismajcan.com\/politika-kolacica\/","name":"Politika kola\u010di\u0107a - Loris Majcan Official Website","isPartOf":{"@id":"https:\/\/lorismajcan.com\/#website"},"datePublished":"2026-02-01T10:42:27+00:00","dateModified":"2026-02-01T10:43:46+00:00","breadcrumb":{"@id":"https:\/\/lorismajcan.com\/politika-kolacica\/#breadcrumb"},"inLanguage":"en-US","potentialAction":[{"@type":"ReadAction","target":["https:\/\/lorismajcan.com\/politika-kolacica\/"]}]},{"@type":"BreadcrumbList","@id":"https:\/\/lorismajcan.com\/politika-kolacica\/#breadcrumb","itemListElement":[{"@type":"ListItem","position":1,"name":"Po\u010detna stranica","item":"https:\/\/lorismajcan.com\/"},{"@type":"ListItem","position":2,"name":"Politika kola\u010di\u0107a"}]},{"@type":"WebSite","@id":"https:\/\/lorismajcan.com\/#website","url":"https:\/\/lorismajcan.com\/","name":"Loris Majcan Official Website","description":"Loris Majcan Official Website and Merchandise Shop","publisher":{"@id":"https:\/\/lorismajcan.com\/#organization"},"potentialAction":[{"@type":"SearchAction","target":{"@type":"EntryPoint","urlTemplate":"https:\/\/lorismajcan.com\/?s={search_term_string}"},"query-input":{"@type":"PropertyValueSpecification","valueRequired":true,"valueName":"search_term_string"}}],"inLanguage":"en-US"},{"@type":"Organization","@id":"https:\/\/lorismajcan.com\/#organization","name":"Loris Majcan Official Website","url":"https:\/\/lorismajcan.com\/","logo":{"@type":"ImageObject","inLanguage":"en-US","@id":"https:\/\/lorismajcan.com\/#\/schema\/logo\/image\/","url":"https:\/\/lorismajcan.com\/wp-content\/uploads\/2023\/06\/cropped-cropped-broj-34-novi-scaled-2.jpg","contentUrl":"https:\/\/lorismajcan.com\/wp-content\/uploads\/2023\/06\/cropped-cropped-broj-34-novi-scaled-2.jpg","width":512,"height":512,"caption":"Loris Majcan Official Website"},"image":{"@id":"https:\/\/lorismajcan.com\/#\/schema\/logo\/image\/"},"sameAs":["https:\/\/www.facebook.com\/lorix123\/","https:\/\/www.instagram.com\/lorke34\/"]}]}},"jetpack_sharing_enabled":true,"_links":{"self":[{"href":"https:\/\/lorismajcan.com\/wp-json\/wp\/v2\/pages\/1152","targetHints":{"allow":["GET"]}}],"collection":[{"href":"https:\/\/lorismajcan.com\/wp-json\/wp\/v2\/pages"}],"about":[{"href":"https:\/\/lorismajcan.com\/wp-json\/wp\/v2\/types\/page"}],"author":[{"embeddable":true,"href":"https:\/\/lorismajcan.com\/wp-json\/wp\/v2\/users\/1"}],"replies":[{"embeddable":true,"href":"https:\/\/lorismajcan.com\/wp-json\/wp\/v2\/comments?post=1152"}],"version-history":[{"count":6,"href":"https:\/\/lorismajcan.com\/wp-json\/wp\/v2\/pages\/1152\/revisions"}],"predecessor-version":[{"id":1158,"href":"https:\/\/lorismajcan.com\/wp-json\/wp\/v2\/pages\/1152\/revisions\/1158"}],"wp:attachment":[{"href":"https:\/\/lorismajcan.com\/wp-json\/wp\/v2\/media?parent=1152"}],"curies":[{"name":"wp","href":"https:\/\/api.w.org\/{rel}","templated":true}]}}